{"id":7061,"date":"2022-12-13T14:38:22","date_gmt":"2022-12-13T14:38:22","guid":{"rendered":"https:\/\/www.coseba.com\/?page_id=7058"},"modified":"2023-02-15T15:56:11","modified_gmt":"2023-02-15T15:56:11","slug":"calcula-tu-precio-otros","status":"publish","type":"page","link":"https:\/\/www.coseba.com\/santa-fe-granada\/calcula-tu-precio-otros\/","title":{"rendered":"Calcula tu precio &#8211; Otros"},"content":{"rendered":"\t\t<div data-elementor-type=\"wp-page\" data-elementor-id=\"7061\" class=\"elementor elementor-7061\" data-elementor-post-type=\"page\">\n\t\t\t\t\t\t<section class=\"elementor-section elementor-top-section elementor-element elementor-element-58ca9bc7 elementor-section-boxed elementor-section-height-default elementor-section-height-default\" data-id=\"58ca9bc7\" data-element_type=\"section\" data-e-type=\"section\">\n\t\t\t\t\t\t<div class=\"elementor-container elementor-column-gap-default\">\n\t\t\t\t\t<div class=\"elementor-column elementor-col-50 elementor-top-column elementor-element elementor-element-7bcbcb29\" data-id=\"7bcbcb29\" data-element_type=\"column\" data-e-type=\"column\">\n\t\t\t<div class=\"elementor-widget-wrap elementor-element-populated\">\n\t\t\t\t\t\t<div class=\"elementor-element elementor-element-54a559e5 elementor-widget elementor-widget-heading\" data-id=\"54a559e5\" data-element_type=\"widget\" data-e-type=\"widget\" data-widget_type=\"heading.default\">\n\t\t\t\t<div class=\"elementor-widget-container\">\n\t\t\t\t\t<h1 class=\"elementor-heading-title elementor-size-default\">Calcula el precio de tus<br><b>SEGUROS<\/B><\/h1>\t\t\t\t<\/div>\n\t\t\t\t<\/div>\n\t\t\t\t<div class=\"elementor-element elementor-element-24a3150 elementor-widget-divider--view-line elementor-widget elementor-widget-divider\" data-id=\"24a3150\" data-element_type=\"widget\" data-e-type=\"widget\" data-widget_type=\"divider.default\">\n\t\t\t\t<div class=\"elementor-widget-container\">\n\t\t\t\t\t\t\t<div class=\"elementor-divider\">\n\t\t\t<span class=\"elementor-divider-separator\">\n\t\t\t\t\t\t<\/span>\n\t\t<\/div>\n\t\t\t\t\t\t<\/div>\n\t\t\t\t<\/div>\n\t\t\t\t\t<\/div>\n\t\t<\/div>\n\t\t\t\t<div class=\"elementor-column elementor-col-50 elementor-top-column elementor-element elementor-element-3f38549a\" data-id=\"3f38549a\" data-element_type=\"column\" data-e-type=\"column\">\n\t\t\t<div class=\"elementor-widget-wrap\">\n\t\t\t\t\t\t\t<\/div>\n\t\t<\/div>\n\t\t\t\t\t<\/div>\n\t\t<\/section>\n\t\t\t\t<section class=\"elementor-section elementor-top-section elementor-element elementor-element-1460ff4d elementor-section-boxed elementor-section-height-default elementor-section-height-default\" data-id=\"1460ff4d\" data-element_type=\"section\" data-e-type=\"section\">\n\t\t\t\t\t\t<div class=\"elementor-container elementor-column-gap-default\">\n\t\t\t\t\t<div class=\"elementor-column elementor-col-33 elementor-top-column elementor-element elementor-element-26a51e72\" data-id=\"26a51e72\" data-element_type=\"column\" data-e-type=\"column\">\n\t\t\t<div class=\"elementor-widget-wrap\">\n\t\t\t\t\t\t\t<\/div>\n\t\t<\/div>\n\t\t\t\t<div class=\"elementor-column elementor-col-33 elementor-top-column elementor-element elementor-element-48adfede\" data-id=\"48adfede\" data-element_type=\"column\" data-e-type=\"column\">\n\t\t\t<div class=\"elementor-widget-wrap elementor-element-populated\">\n\t\t\t\t\t\t<div class=\"elementor-element elementor-element-129a439d elementor-view-framed elementor-shape-square elementor-widget elementor-widget-icon\" data-id=\"129a439d\" data-element_type=\"widget\" data-e-type=\"widget\" data-widget_type=\"icon.default\">\n\t\t\t\t<div class=\"elementor-widget-container\">\n\t\t\t\t\t\t\t<div class=\"elementor-icon-wrapper\">\n\t\t\t<div class=\"elementor-icon\">\n\t\t\t<i aria-hidden=\"true\" class=\"fas fa-list\"><\/i>\t\t\t<\/div>\n\t\t<\/div>\n\t\t\t\t\t\t<\/div>\n\t\t\t\t<\/div>\n\t\t\t\t\t<\/div>\n\t\t<\/div>\n\t\t\t\t<div class=\"elementor-column elementor-col-33 elementor-top-column elementor-element elementor-element-39d602c9\" data-id=\"39d602c9\" data-element_type=\"column\" data-e-type=\"column\">\n\t\t\t<div class=\"elementor-widget-wrap\">\n\t\t\t\t\t\t\t<\/div>\n\t\t<\/div>\n\t\t\t\t\t<\/div>\n\t\t<\/section>\n\t\t\t\t<section class=\"elementor-section elementor-top-section elementor-element elementor-element-33f87685 elementor-section-boxed elementor-section-height-default elementor-section-height-default\" data-id=\"33f87685\" data-element_type=\"section\" data-e-type=\"section\">\n\t\t\t\t\t\t<div class=\"elementor-container elementor-column-gap-default\">\n\t\t\t\t\t<div class=\"elementor-column elementor-col-16 elementor-top-column elementor-element elementor-element-79093925\" data-id=\"79093925\" data-element_type=\"column\" data-e-type=\"column\">\n\t\t\t<div class=\"elementor-widget-wrap\">\n\t\t\t\t\t\t\t<\/div>\n\t\t<\/div>\n\t\t\t\t<div class=\"elementor-column elementor-col-66 elementor-top-column elementor-element elementor-element-5421eeec\" data-id=\"5421eeec\" data-element_type=\"column\" data-e-type=\"column\">\n\t\t\t<div class=\"elementor-widget-wrap elementor-element-populated\">\n\t\t\t\t\t\t<div class=\"elementor-element elementor-element-2f355bb elementor-widget elementor-widget-text-editor\" data-id=\"2f355bb\" data-element_type=\"widget\" data-e-type=\"widget\" data-widget_type=\"text-editor.default\">\n\t\t\t\t<div class=\"elementor-widget-container\">\n\t\t\t\t\t\t\t\t\t<h3 style=\"text-align: center;\">Datos de contacto<\/h3><p style=\"text-align: center;\">Ind\u00edquenos sus datos y en breve nuestro equipo se pondr\u00e1 en contacto con usted.<\/p>\t\t\t\t\t\t\t\t<\/div>\n\t\t\t\t<\/div>\n\t\t\t\t<div class=\"elementor-element elementor-element-5cc22ce elementor-button-align-center elementor-widget elementor-widget-form\" data-id=\"5cc22ce\" data-element_type=\"widget\" data-e-type=\"widget\" data-settings=\"{&quot;step_next_label&quot;:&quot;Siguiente&quot;,&quot;step_previous_label&quot;:&quot;Anterior&quot;,&quot;button_width&quot;:&quot;100&quot;,&quot;step_type&quot;:&quot;number_text&quot;,&quot;step_icon_shape&quot;:&quot;circle&quot;}\" data-widget_type=\"form.default\">\n\t\t\t\t<div class=\"elementor-widget-container\">\n\t\t\t\t\t\t\t<form class=\"elementor-form\" method=\"post\" name=\"Nuevo formulario\" aria-label=\"Nuevo formulario\">\n\t\t\t<input type=\"hidden\" name=\"post_id\" value=\"7061\"\/>\n\t\t\t<input type=\"hidden\" name=\"form_id\" value=\"5cc22ce\"\/>\n\t\t\t<input type=\"hidden\" name=\"referer_title\" value=\"Calcula tu precio - Otros - Corredur\u00eda de Seguros - Coseba 1986\" \/>\n\n\t\t\t\t\t\t\t<input type=\"hidden\" name=\"queried_id\" value=\"7061\"\/>\n\t\t\t\n\t\t\t<div class=\"elementor-form-fields-wrapper elementor-labels-above\">\n\t\t\t\t\t\t\t\t<div class=\"elementor-field-type-email elementor-field-group elementor-column elementor-field-group-email elementor-col-50 elementor-field-required elementor-mark-required\">\n\t\t\t\t\t\t\t\t\t\t\t\t<label for=\"form-field-email\" class=\"elementor-field-label\">\n\t\t\t\t\t\t\t\tCorreo electr\u00f3nico\t\t\t\t\t\t\t<\/label>\n\t\t\t\t\t\t\t\t\t\t\t\t\t\t<input size=\"1\" type=\"email\" name=\"form_fields[email]\" id=\"form-field-email\" class=\"elementor-field elementor-size-sm  elementor-field-textual\" required=\"required\">\n\t\t\t\t\t\t\t\t\t\t\t<\/div>\n\t\t\t\t\t\t\t\t<div class=\"elementor-field-type-tel elementor-field-group elementor-column elementor-field-group-field_dcf5cb3 elementor-col-50 elementor-field-required elementor-mark-required\">\n\t\t\t\t\t\t\t\t\t\t\t\t<label for=\"form-field-field_dcf5cb3\" class=\"elementor-field-label\">\n\t\t\t\t\t\t\t\tTel\u00e9fono\t\t\t\t\t\t\t<\/label>\n\t\t\t\t\t\t\t\t<input size=\"1\" type=\"tel\" name=\"form_fields[field_dcf5cb3]\" id=\"form-field-field_dcf5cb3\" class=\"elementor-field elementor-size-sm  elementor-field-textual\" required=\"required\" pattern=\"[0-9()#&+*-=.]+\" title=\"Solo se aceptan n\u00fameros y caracteres de tel\u00e9fono (#,-,*,etc).\">\n\n\t\t\t\t\t\t<\/div>\n\t\t\t\t\t\t\t\t<div class=\"elementor-field-type-textarea elementor-field-group elementor-column elementor-field-group-field_2c31bfb elementor-col-50 elementor-field-required elementor-mark-required\">\n\t\t\t\t\t\t\t\t\t\t\t\t<label for=\"form-field-field_2c31bfb\" class=\"elementor-field-label\">\n\t\t\t\t\t\t\t\tTipo de seguro\t\t\t\t\t\t\t<\/label>\n\t\t\t\t\t\t<textarea class=\"elementor-field-textual elementor-field  elementor-size-sm\" name=\"form_fields[field_2c31bfb]\" id=\"form-field-field_2c31bfb\" rows=\"4\" required=\"required\"><\/textarea>\t\t\t\t<\/div>\n\t\t\t\t\t\t\t\t<div class=\"elementor-field-type-acceptance elementor-field-group elementor-column elementor-field-group-field_3db4799 elementor-col-50\">\n\t\t\t\t\t\t\t<div class=\"elementor-field-subgroup\">\n\t\t\t<span class=\"elementor-field-option\">\n\t\t\t\t<input type=\"checkbox\" name=\"form_fields[field_3db4799]\" id=\"form-field-field_3db4799\" class=\"elementor-field elementor-size-sm  elementor-acceptance-field\">\n\t\t\t\t<label for=\"form-field-field_3db4799\">He le\u00eddo y estoy de acuerdo con la <a href=\"https:\/\/www.coseba.com\/politica-de-privacidad\/\">Pol\u00edtica de Privacidad<\/a>.<\/label>\t\t\t<\/span>\n\t\t<\/div>\n\t\t\t\t\t\t<\/div>\n\t\t\t\t\t\t\t\t<div class=\"elementor-field-type-recaptcha_v3 elementor-field-group elementor-column elementor-field-group-field_2709586 elementor-col-100 recaptcha_v3-bottomright\">\n\t\t\t\t\t<div class=\"elementor-field\" id=\"form-field-field_2709586\"><div class=\"elementor-g-recaptcha\" data-sitekey=\"6Lcj-IEbAAAAAKsxyFSaTY1vpRzxxgReYamKy_vq\" data-type=\"v3\" data-action=\"Form\" data-badge=\"bottomright\" data-size=\"invisible\"><\/div><\/div>\t\t\t\t<\/div>\n\t\t\t\t\t\t\t\t<div class=\"elementor-field-type-text\">\n\t\t\t\t\t<input size=\"1\" type=\"text\" name=\"form_fields[field_246f8c7]\" id=\"form-field-field_246f8c7\" class=\"elementor-field elementor-size-sm \" style=\"display:none !important;\">\t\t\t\t<\/div>\n\t\t\t\t\t\t\t\t<div class=\"elementor-field-group elementor-column elementor-field-type-submit elementor-col-100 e-form__buttons\">\n\t\t\t\t\t<button class=\"elementor-button elementor-size-md\" type=\"submit\">\n\t\t\t\t\t\t<span class=\"elementor-button-content-wrapper\">\n\t\t\t\t\t\t\t\t\t\t\t\t\t\t\t\t\t\t\t\t\t\t<span class=\"elementor-button-text\">ENVIAR<\/span>\n\t\t\t\t\t\t\t\t\t\t\t\t\t<\/span>\n\t\t\t\t\t<\/button>\n\t\t\t\t<\/div>\n\t\t\t<\/div>\n\t\t<\/form>\n\t\t\t\t\t\t<\/div>\n\t\t\t\t<\/div>\n\t\t\t\t\t<\/div>\n\t\t<\/div>\n\t\t\t\t<div class=\"elementor-column elementor-col-16 elementor-top-column elementor-element elementor-element-d3c3750\" data-id=\"d3c3750\" data-element_type=\"column\" data-e-type=\"column\">\n\t\t\t<div class=\"elementor-widget-wrap\">\n\t\t\t\t\t\t\t<\/div>\n\t\t<\/div>\n\t\t\t\t\t<\/div>\n\t\t<\/section>\n\t\t\t\t<\/div>\n\t\t","protected":false},"excerpt":{"rendered":"<p>Calcula el precio de tusSEGUROS Datos de contacto Ind\u00edquenos sus datos y en breve nuestro equipo se pondr\u00e1 en contacto con usted.<\/p>\n","protected":false},"author":7,"featured_media":0,"parent":0,"menu_order":0,"comment_status":"closed","ping_status":"closed","template":"","meta":{"footnotes":""},"class_list":["post-7061","page","type-page","status-publish","hentry"],"yoast_head":"<!-- This site is optimized with the Yoast SEO plugin v27.3 - https:\/\/yoast.com\/product\/yoast-seo-wordpress\/ -->\n<title>Calcula tu precio - Otros - Corredur\u00eda de Seguros - Coseba 1986<\/title>\n<meta name=\"description\" content=\"Calcula el precio de tus seguros en cuesti\u00f3n de unos segundos: de salud, de hogar, y mucho m\u00e1s en Coseba.\" \/>\n<meta name=\"robots\" content=\"index, follow, max-snippet:-1, max-image-preview:large, max-video-preview:-1\" \/>\n<link rel=\"canonical\" href=\"https:\/\/www.coseba.com\/santa-fe-granada\/calcula-tu-precio-otros\/\" \/>\n<meta property=\"og:locale\" content=\"es_ES\" \/>\n<meta property=\"og:type\" content=\"article\" \/>\n<meta property=\"og:title\" content=\"Calcula tu precio - Otros - Corredur\u00eda de Seguros - Coseba 1986\" \/>\n<meta property=\"og:description\" content=\"Calcula el precio de tus seguros en cuesti\u00f3n de unos segundos: de salud, de hogar, y mucho m\u00e1s en Coseba.\" \/>\n<meta property=\"og:url\" content=\"https:\/\/www.coseba.com\/santa-fe-granada\/calcula-tu-precio-otros\/\" \/>\n<meta property=\"og:site_name\" content=\"COSEBA Santa Fe Granada\" \/>\n<meta property=\"article:modified_time\" content=\"2023-02-15T15:56:11+00:00\" \/>\n<meta name=\"twitter:card\" content=\"summary_large_image\" \/>\n<meta name=\"twitter:label1\" content=\"Tiempo de lectura\" \/>\n\t<meta name=\"twitter:data1\" content=\"1 minuto\" \/>\n<script type=\"application\/ld+json\" class=\"yoast-schema-graph\">{\"@context\":\"https:\\\/\\\/schema.org\",\"@graph\":[{\"@type\":\"WebPage\",\"@id\":\"https:\\\/\\\/www.coseba.com\\\/santa-fe-granada\\\/calcula-tu-precio-otros\\\/\",\"url\":\"https:\\\/\\\/www.coseba.com\\\/santa-fe-granada\\\/calcula-tu-precio-otros\\\/\",\"name\":\"Calcula tu precio - Otros - Corredur\u00eda de Seguros - Coseba 1986\",\"isPartOf\":{\"@id\":\"https:\\\/\\\/www.coseba.com\\\/santa-fe-granada\\\/#website\"},\"datePublished\":\"2022-12-13T14:38:22+00:00\",\"dateModified\":\"2023-02-15T15:56:11+00:00\",\"description\":\"Calcula el precio de tus seguros en cuesti\u00f3n de unos segundos: de salud, de hogar, y mucho m\u00e1s en Coseba.\",\"breadcrumb\":{\"@id\":\"https:\\\/\\\/www.coseba.com\\\/santa-fe-granada\\\/calcula-tu-precio-otros\\\/#breadcrumb\"},\"inLanguage\":\"es\",\"potentialAction\":[{\"@type\":\"ReadAction\",\"target\":[\"https:\\\/\\\/www.coseba.com\\\/santa-fe-granada\\\/calcula-tu-precio-otros\\\/\"]}]},{\"@type\":\"BreadcrumbList\",\"@id\":\"https:\\\/\\\/www.coseba.com\\\/santa-fe-granada\\\/calcula-tu-precio-otros\\\/#breadcrumb\",\"itemListElement\":[{\"@type\":\"ListItem\",\"position\":1,\"name\":\"Portada\",\"item\":\"https:\\\/\\\/www.coseba.com\\\/santa-fe-granada\\\/\"},{\"@type\":\"ListItem\",\"position\":2,\"name\":\"Calcula tu precio &#8211; Otros\"}]},{\"@type\":\"WebSite\",\"@id\":\"https:\\\/\\\/www.coseba.com\\\/santa-fe-granada\\\/#website\",\"url\":\"https:\\\/\\\/www.coseba.com\\\/santa-fe-granada\\\/\",\"name\":\"COSEBA Santa Fe Granada\",\"description\":\"Corredur\u00eda de Seguros\",\"potentialAction\":[{\"@type\":\"SearchAction\",\"target\":{\"@type\":\"EntryPoint\",\"urlTemplate\":\"https:\\\/\\\/www.coseba.com\\\/santa-fe-granada\\\/?s={search_term_string}\"},\"query-input\":{\"@type\":\"PropertyValueSpecification\",\"valueRequired\":true,\"valueName\":\"search_term_string\"}}],\"inLanguage\":\"es\"}]}<\/script>\n<!-- \/ Yoast SEO plugin. -->","yoast_head_json":{"title":"Calcula tu precio - Otros - Corredur\u00eda de Seguros - Coseba 1986","description":"Calcula el precio de tus seguros en cuesti\u00f3n de unos segundos: de salud, de hogar, y mucho m\u00e1s en Coseba.","robots":{"index":"index","follow":"follow","max-snippet":"max-snippet:-1","max-image-preview":"max-image-preview:large","max-video-preview":"max-video-preview:-1"},"canonical":"https:\/\/www.coseba.com\/santa-fe-granada\/calcula-tu-precio-otros\/","og_locale":"es_ES","og_type":"article","og_title":"Calcula tu precio - Otros - Corredur\u00eda de Seguros - Coseba 1986","og_description":"Calcula el precio de tus seguros en cuesti\u00f3n de unos segundos: de salud, de hogar, y mucho m\u00e1s en Coseba.","og_url":"https:\/\/www.coseba.com\/santa-fe-granada\/calcula-tu-precio-otros\/","og_site_name":"COSEBA Santa Fe Granada","article_modified_time":"2023-02-15T15:56:11+00:00","twitter_card":"summary_large_image","twitter_misc":{"Tiempo de lectura":"1 minuto"},"schema":{"@context":"https:\/\/schema.org","@graph":[{"@type":"WebPage","@id":"https:\/\/www.coseba.com\/santa-fe-granada\/calcula-tu-precio-otros\/","url":"https:\/\/www.coseba.com\/santa-fe-granada\/calcula-tu-precio-otros\/","name":"Calcula tu precio - Otros - Corredur\u00eda de Seguros - Coseba 1986","isPartOf":{"@id":"https:\/\/www.coseba.com\/santa-fe-granada\/#website"},"datePublished":"2022-12-13T14:38:22+00:00","dateModified":"2023-02-15T15:56:11+00:00","description":"Calcula el precio de tus seguros en cuesti\u00f3n de unos segundos: de salud, de hogar, y mucho m\u00e1s en Coseba.","breadcrumb":{"@id":"https:\/\/www.coseba.com\/santa-fe-granada\/calcula-tu-precio-otros\/#breadcrumb"},"inLanguage":"es","potentialAction":[{"@type":"ReadAction","target":["https:\/\/www.coseba.com\/santa-fe-granada\/calcula-tu-precio-otros\/"]}]},{"@type":"BreadcrumbList","@id":"https:\/\/www.coseba.com\/santa-fe-granada\/calcula-tu-precio-otros\/#breadcrumb","itemListElement":[{"@type":"ListItem","position":1,"name":"Portada","item":"https:\/\/www.coseba.com\/santa-fe-granada\/"},{"@type":"ListItem","position":2,"name":"Calcula tu precio &#8211; Otros"}]},{"@type":"WebSite","@id":"https:\/\/www.coseba.com\/santa-fe-granada\/#website","url":"https:\/\/www.coseba.com\/santa-fe-granada\/","name":"COSEBA Santa Fe Granada","description":"Corredur\u00eda de Seguros","potentialAction":[{"@type":"SearchAction","target":{"@type":"EntryPoint","urlTemplate":"https:\/\/www.coseba.com\/santa-fe-granada\/?s={search_term_string}"},"query-input":{"@type":"PropertyValueSpecification","valueRequired":true,"valueName":"search_term_string"}}],"inLanguage":"es"}]}},"_links":{"self":[{"href":"https:\/\/www.coseba.com\/santa-fe-granada\/wp-json\/wp\/v2\/pages\/7061","targetHints":{"allow":["GET"]}}],"collection":[{"href":"https:\/\/www.coseba.com\/santa-fe-granada\/wp-json\/wp\/v2\/pages"}],"about":[{"href":"https:\/\/www.coseba.com\/santa-fe-granada\/wp-json\/wp\/v2\/types\/page"}],"author":[{"embeddable":true,"href":"https:\/\/www.coseba.com\/santa-fe-granada\/wp-json\/wp\/v2\/users\/7"}],"replies":[{"embeddable":true,"href":"https:\/\/www.coseba.com\/santa-fe-granada\/wp-json\/wp\/v2\/comments?post=7061"}],"version-history":[{"count":3,"href":"https:\/\/www.coseba.com\/santa-fe-granada\/wp-json\/wp\/v2\/pages\/7061\/revisions"}],"predecessor-version":[{"id":7120,"href":"https:\/\/www.coseba.com\/santa-fe-granada\/wp-json\/wp\/v2\/pages\/7061\/revisions\/7120"}],"wp:attachment":[{"href":"https:\/\/www.coseba.com\/santa-fe-granada\/wp-json\/wp\/v2\/media?parent=7061"}],"curies":[{"name":"wp","href":"https:\/\/api.w.org\/{rel}","templated":true}]}}